{"id":6847,"date":"2020-12-03T11:31:49","date_gmt":"2020-12-03T16:31:49","guid":{"rendered":"http:\/\/dev.nfsb.qc.ca\/?page_id=6847"},"modified":"2025-03-07T09:36:49","modified_gmt":"2025-03-07T14:36:49","slug":"vision-mission","status":"publish","type":"page","link":"https:\/\/www.nfsb.qc.ca\/fr\/vision-mission\/","title":{"rendered":"\u00c0 propos de la CSNF"},"content":{"rendered":"<div class=\"wp-block-group\">\r\n<div class=\"wp-block-group__inner-container is-layout-flow wp-block-group-is-layout-flow\">\r\n<h2 class=\"has-text-color wp-block-heading\" style=\"color: #ba0c49; font-size: 38px;\"><strong><span class=\"has-inline-color\" style=\"color: #0d4d46;\">Nous sommes la Commission scolaire New Frontiers. . .<\/span><\/strong><\/h2>\r\n\r\n\r\n\r\n<div class=\"wp-block-columns is-layout-flex wp-container-core-columns-is-layout-9d6595d7 wp-block-columns-is-layout-flex\">\r\n<div class=\"wp-block-column is-layout-flow wp-block-column-is-layout-flow\">\r\n<p><strong>. . avec dix \u00e9coles primaires, deux \u00e9coles secondaires et trois centres de formation pour adultes. Nous avons une histoire riche et un territoire diversifi\u00e9 qui couvre des terres agricoles rurales et des banlieues anim\u00e9es.<\/strong><\/p>\r\n\r\n\r\n\r\n<blockquote class=\"wp-block-quote is-layout-flow wp-block-quote-is-layout-flow\">\r\n<p>Je suis un employ\u00e9 de la CSNF et j'ai des enfants qui fr\u00e9quentent nos \u00e9coles. Vous ne trouverez pas de groupe de personnes plus d\u00e9vou\u00e9es, ni de communaut\u00e9 plus solidaire. Il s'agit d'une organisation \u00e0 vocation familiale.<\/p>\r\n<\/blockquote>\r\n<\/div>\r\n\r\n\r\n\r\n<div class=\"wp-block-column is-layout-flow wp-block-column-is-layout-flow\">\r\n<p>Nous sommes plus que des tableaux et des chiffres, nous sommes une communaut\u00e9. Nous sommes des adultes qui retournent \u00e0 l'\u00e9cole pour r\u00e9\u00e9crire notre avenir. Nous sommes des enfants qui collectent de l'argent pour l'envoyer en Afrique afin d'aider les enfants de ce continent \u00e0 b\u00e9n\u00e9ficier des m\u00eames opportunit\u00e9s que nous. Nous sommes des travailleurs d\u00e9vou\u00e9s qui donnent de leur temps pour s'assurer que les \u00e9l\u00e8ves disposent de tout ce dont ils ont besoin pour r\u00e9ussir. Nous sommes des familles qui se portent volontaires pour des collectes de fonds et des tournois sportifs. Nous sommes des \u00e9lus qui \u00e9valuent toutes les options et prennent des d\u00e9cisions pour s'assurer que la Commission scolaire New Frontiers tire le maximum de ses ressources.<\/p>\r\n\r\n\r\n\r\n<p>Nous sommes la Commission scolaire New Frontiers ; une communaut\u00e9 d'apprenants \u00e0 vie, une communaut\u00e9 qui se pr\u00e9occupe des autres.<\/p>\r\n<\/div>\r\n<\/div>\r\n\r\n\r\n<hr class=\"wp-block-separator\" \/><\/div>\r\n<\/div>\r\n\r\n\r\n<p>&nbsp;<\/p>","protected":false},"excerpt":{"rendered":"<p>We are the New Frontiers School Board. . . . . . with ten elementary schools, two high schools, and three adult education centres. We have a rich history and [&hellip;]<\/p>\n","protected":false},"author":2,"featured_media":0,"parent":0,"menu_order":0,"comment_status":"closed","ping_status":"closed","template":"","meta":{"footnotes":""},"class_list":["post-6847","page","type-page","status-publish","hentry"],"yoast_head":"<!-- This site is optimized with the Yoast SEO plugin v27.4 - https:\/\/yoast.com\/product\/yoast-seo-wordpress\/ -->\n<title>About NFSB - New Frontiers School Board<\/title>\n<meta name=\"robots\" content=\"index, follow, max-snippet:-1, max-image-preview:large, max-video-preview:-1\" \/>\n<link rel=\"canonical\" href=\"https:\/\/www.nfsb.qc.ca\/fr\/vision-mission\/\" \/>\n<meta property=\"og:locale\" content=\"fr_CA\" \/>\n<meta property=\"og:type\" content=\"article\" \/>\n<meta property=\"og:title\" content=\"About NFSB - New Frontiers School Board\" \/>\n<meta property=\"og:description\" content=\"We are the New Frontiers School Board. . . . . . with ten elementary schools, two high schools, and three adult education centres. We have a rich history and [&hellip;]\" \/>\n<meta property=\"og:url\" content=\"https:\/\/www.nfsb.qc.ca\/fr\/vision-mission\/\" \/>\n<meta property=\"og:site_name\" content=\"New Frontiers School Board\" \/>\n<meta property=\"article:publisher\" content=\"https:\/\/www.facebook.com\/NFSchoolBoard\" \/>\n<meta property=\"article:modified_time\" content=\"2025-03-07T14:36:49+00:00\" \/>\n<meta name=\"twitter:card\" content=\"summary_large_image\" \/>\n<meta name=\"twitter:label1\" content=\"Estimation du temps de lecture\" \/>\n\t<meta name=\"twitter:data1\" content=\"2 minutes\" \/>\n<script type=\"application\/ld+json\" class=\"yoast-schema-graph\">{\"@context\":\"https:\\\/\\\/schema.org\",\"@graph\":[{\"@type\":\"WebPage\",\"@id\":\"https:\\\/\\\/www.nfsb.qc.ca\\\/vision-mission\\\/\",\"url\":\"https:\\\/\\\/www.nfsb.qc.ca\\\/vision-mission\\\/\",\"name\":\"About NFSB - New Frontiers School Board\",\"isPartOf\":{\"@id\":\"https:\\\/\\\/www.nfsb.qc.ca\\\/#website\"},\"datePublished\":\"2020-12-03T16:31:49+00:00\",\"dateModified\":\"2025-03-07T14:36:49+00:00\",\"breadcrumb\":{\"@id\":\"https:\\\/\\\/www.nfsb.qc.ca\\\/vision-mission\\\/#breadcrumb\"},\"inLanguage\":\"fr-CA\",\"potentialAction\":[{\"@type\":\"ReadAction\",\"target\":[\"https:\\\/\\\/www.nfsb.qc.ca\\\/vision-mission\\\/\"]}]},{\"@type\":\"BreadcrumbList\",\"@id\":\"https:\\\/\\\/www.nfsb.qc.ca\\\/vision-mission\\\/#breadcrumb\",\"itemListElement\":[{\"@type\":\"ListItem\",\"position\":1,\"name\":\"Home\",\"item\":\"https:\\\/\\\/www.nfsb.qc.ca\\\/\"},{\"@type\":\"ListItem\",\"position\":2,\"name\":\"About NFSB\"}]},{\"@type\":\"WebSite\",\"@id\":\"https:\\\/\\\/www.nfsb.qc.ca\\\/#website\",\"url\":\"https:\\\/\\\/www.nfsb.qc.ca\\\/\",\"name\":\"New Frontiers School Board\",\"description\":\"Education, a lifelong journey.\",\"publisher\":{\"@id\":\"https:\\\/\\\/www.nfsb.qc.ca\\\/#organization\"},\"potentialAction\":[{\"@type\":\"SearchAction\",\"target\":{\"@type\":\"EntryPoint\",\"urlTemplate\":\"https:\\\/\\\/www.nfsb.qc.ca\\\/?s={search_term_string}\"},\"query-input\":{\"@type\":\"PropertyValueSpecification\",\"valueRequired\":true,\"valueName\":\"search_term_string\"}}],\"inLanguage\":\"fr-CA\"},{\"@type\":\"Organization\",\"@id\":\"https:\\\/\\\/www.nfsb.qc.ca\\\/#organization\",\"name\":\"New Frontiers School Board\",\"url\":\"https:\\\/\\\/www.nfsb.qc.ca\\\/\",\"logo\":{\"@type\":\"ImageObject\",\"inLanguage\":\"fr-CA\",\"@id\":\"https:\\\/\\\/www.nfsb.qc.ca\\\/#\\\/schema\\\/logo\\\/image\\\/\",\"url\":\"https:\\\/\\\/www.nfsb.qc.ca\\\/wp-content\\\/uploads\\\/2021\\\/01\\\/nfsb-favicon.jpg\",\"contentUrl\":\"https:\\\/\\\/www.nfsb.qc.ca\\\/wp-content\\\/uploads\\\/2021\\\/01\\\/nfsb-favicon.jpg\",\"width\":289,\"height\":208,\"caption\":\"New Frontiers School Board\"},\"image\":{\"@id\":\"https:\\\/\\\/www.nfsb.qc.ca\\\/#\\\/schema\\\/logo\\\/image\\\/\"},\"sameAs\":[\"https:\\\/\\\/www.facebook.com\\\/NFSchoolBoard\"]}]}<\/script>\n<!-- \/ Yoast SEO plugin. -->","yoast_head_json":{"title":"\u00c0 propos du NFSB - New Frontiers School Board","robots":{"index":"index","follow":"follow","max-snippet":"max-snippet:-1","max-image-preview":"max-image-preview:large","max-video-preview":"max-video-preview:-1"},"canonical":"https:\/\/www.nfsb.qc.ca\/fr\/vision-mission\/","og_locale":"fr_CA","og_type":"article","og_title":"About NFSB - New Frontiers School Board","og_description":"We are the New Frontiers School Board. . . . . . with ten elementary schools, two high schools, and three adult education centres. We have a rich history and [&hellip;]","og_url":"https:\/\/www.nfsb.qc.ca\/fr\/vision-mission\/","og_site_name":"New Frontiers School Board","article_publisher":"https:\/\/www.facebook.com\/NFSchoolBoard","article_modified_time":"2025-03-07T14:36:49+00:00","twitter_card":"summary_large_image","twitter_misc":{"Estimation du temps de lecture":"2 minutes"},"schema":{"@context":"https:\/\/schema.org","@graph":[{"@type":"WebPage","@id":"https:\/\/www.nfsb.qc.ca\/vision-mission\/","url":"https:\/\/www.nfsb.qc.ca\/vision-mission\/","name":"\u00c0 propos du NFSB - New Frontiers School Board","isPartOf":{"@id":"https:\/\/www.nfsb.qc.ca\/#website"},"datePublished":"2020-12-03T16:31:49+00:00","dateModified":"2025-03-07T14:36:49+00:00","breadcrumb":{"@id":"https:\/\/www.nfsb.qc.ca\/vision-mission\/#breadcrumb"},"inLanguage":"fr-CA","potentialAction":[{"@type":"ReadAction","target":["https:\/\/www.nfsb.qc.ca\/vision-mission\/"]}]},{"@type":"BreadcrumbList","@id":"https:\/\/www.nfsb.qc.ca\/vision-mission\/#breadcrumb","itemListElement":[{"@type":"ListItem","position":1,"name":"Home","item":"https:\/\/www.nfsb.qc.ca\/"},{"@type":"ListItem","position":2,"name":"About NFSB"}]},{"@type":"WebSite","@id":"https:\/\/www.nfsb.qc.ca\/#website","url":"https:\/\/www.nfsb.qc.ca\/","name":"Commission scolaire New Frontiers","description":"L'\u00e9ducation, un parcours \u00e0 vie","publisher":{"@id":"https:\/\/www.nfsb.qc.ca\/#organization"},"potentialAction":[{"@type":"SearchAction","target":{"@type":"EntryPoint","urlTemplate":"https:\/\/www.nfsb.qc.ca\/?s={search_term_string}"},"query-input":{"@type":"PropertyValueSpecification","valueRequired":true,"valueName":"search_term_string"}}],"inLanguage":"fr-CA"},{"@type":"Organization","@id":"https:\/\/www.nfsb.qc.ca\/#organization","name":"Commission scolaire New Frontiers","url":"https:\/\/www.nfsb.qc.ca\/","logo":{"@type":"ImageObject","inLanguage":"fr-CA","@id":"https:\/\/www.nfsb.qc.ca\/#\/schema\/logo\/image\/","url":"https:\/\/www.nfsb.qc.ca\/wp-content\/uploads\/2021\/01\/nfsb-favicon.jpg","contentUrl":"https:\/\/www.nfsb.qc.ca\/wp-content\/uploads\/2021\/01\/nfsb-favicon.jpg","width":289,"height":208,"caption":"New Frontiers School Board"},"image":{"@id":"https:\/\/www.nfsb.qc.ca\/#\/schema\/logo\/image\/"},"sameAs":["https:\/\/www.facebook.com\/NFSchoolBoard"]}]}},"_links":{"self":[{"href":"https:\/\/www.nfsb.qc.ca\/fr\/wp-json\/wp\/v2\/pages\/6847","targetHints":{"allow":["GET"]}}],"collection":[{"href":"https:\/\/www.nfsb.qc.ca\/fr\/wp-json\/wp\/v2\/pages"}],"about":[{"href":"https:\/\/www.nfsb.qc.ca\/fr\/wp-json\/wp\/v2\/types\/page"}],"author":[{"embeddable":true,"href":"https:\/\/www.nfsb.qc.ca\/fr\/wp-json\/wp\/v2\/users\/2"}],"replies":[{"embeddable":true,"href":"https:\/\/www.nfsb.qc.ca\/fr\/wp-json\/wp\/v2\/comments?post=6847"}],"version-history":[{"count":5,"href":"https:\/\/www.nfsb.qc.ca\/fr\/wp-json\/wp\/v2\/pages\/6847\/revisions"}],"predecessor-version":[{"id":14578,"href":"https:\/\/www.nfsb.qc.ca\/fr\/wp-json\/wp\/v2\/pages\/6847\/revisions\/14578"}],"wp:attachment":[{"href":"https:\/\/www.nfsb.qc.ca\/fr\/wp-json\/wp\/v2\/media?parent=6847"}],"curies":[{"name":"wp","href":"https:\/\/api.w.org\/{rel}","templated":true}]}}